{"id":2,"date":"2021-03-02T12:37:36","date_gmt":"2021-03-02T11:37:36","guid":{"rendered":"http:\/\/infosport-africa.com\/?page_id=2"},"modified":"2021-03-11T15:39:24","modified_gmt":"2021-03-11T14:39:24","slug":"page-d-exemple","status":"publish","type":"page","link":"https:\/\/infosport-africa.com\/index.php\/page-d-exemple\/","title":{"rendered":"Le PSG songe encore \u00e0 Cristiano Ronaldo !"},"content":{"rendered":"\n<p>L&#8217;avenir de Cristiano Ronaldo s&#8217;inscrit en pointill\u00e9s du c\u00f4t\u00e9 de la Juventus Turin. Depuis mardi, date de l&#8217;\u00e9limination de la Vieille Dame et du Portugais en C1, le Paris Saint-Germain a rouvert le dossier et compte passer \u00e0 l&#8217;action pour cet \u00e9t\u00e9.<\/p>\n\n\n\n<blockquote class=\"wp-block-quote is-style-large\"><p><\/p><\/blockquote>\n\n\n\n<p><\/p>\n\n\n\n<p>Le Paris Saint-Germain est vraiment un club \u00e0 part. Apr\u00e8s la remontada en 2017, le club parisien, visiblement vex\u00e9, a d\u00e9cid\u00e9 de taper tr\u00e8s fort et enr\u00f4lait alors Neymar au FC Barcelone (contre le paiement de sa clause de 222 millions d&#8217;euros) et Kylian Mbapp\u00e9, le nouveau chouchou du football fran\u00e7ais, en provenance de Monaco contre un joli ch\u00e8que de 180 millions d&#8217;euros. Ce mercredi, ils se sont qualifi\u00e9s aux d\u00e9pens du FC Barcelone (5-2 en cumul\u00e9).https:\/\/www.dailymotion.com\/embed\/video\/x7zuqmx?autoplay=1<\/p>\n\n\n\n<p>Mais cette semaine a marqu\u00e9 un tournant. En effet, les deux monstres du football mondial, Cristiano Ronaldo (Juventus) et Lionel Messi, ont \u00e9t\u00e9 \u00e9limin\u00e9s de la Ligue des Champions au stade des huiti\u00e8mes de finale de la Ligue des Champions. Le pire dans tout cela c&#8217;est que les deux hommes commencent s\u00e9rieusement \u00e0 envisager un d\u00e9part de leur \u00e9quipe respective en fin de saison. L&#8217;Argentin est en fin de contrat et le Portugais, lui, n&#8217;arrive pas \u00e0 aider la Juventus \u00e0 avancer en C1.<\/p>\n\n\n\n<p>Et c&#8217;est \u00e0 ce moment pr\u00e9cis que le Paris Saint-Germain devient un incontournable. En effet, que Leonardo, le directeur sportif du Paris SG, drague Messi, on le sait depuis un long moment. Mais comment lui en vouloir lorsqu&#8217;on conna\u00eet le talent du joueur et son statut contractuel ? Mais la nouvelle nous provient du journal&nbsp;<em><a href=\"https:\/\/www.leparisien.fr\/sports\/football\/psg\/mercato-le-psg-rouvre-le-dossier-ronaldo-11-03-2021-8428097.php#xtor=AD-1481423553\">Le Parisien<\/a><\/em>&nbsp;en ce jeudi : le PSG a rouvert, depuis mardi, date d&#8217;\u00e9limination de la Vieille Dame en C1, le dossier CR7,&nbsp;<a href=\"https:\/\/www.footmercato.net\/a7695429330023687888-psg-leonardo-et-jorge-mendes-vont-discuter-de-cristiano-ronaldo\">sur lequel il avait d\u00e9j\u00e0 un peu planch\u00e9 cet \u00e9t\u00e9<\/a>.<\/p>\n\n\n\n<p>Le quotidien ajoute que le contact entre l&#8217;agent du joueur de 36 ans, en fin de contrat en 2022, Jorge Mendes, et Nasser Al-Khela\u00effi, n&#8217;a jamais \u00e9t\u00e9 perdu. Tout d\u00e9pendrait en revanche du choix de Kylian Mbapp\u00e9, lui aussi en fin de contrat en 2022, de poursuivre l&#8217;aventure dans la capitale fran\u00e7aise. Reste une chose qui semble certaine, le Paris SG, en cas de d\u00e9part de son international fran\u00e7ais, est bien d\u00e9cid\u00e9 \u00e0 accueillir l&#8217;un des deux meilleurs joueurs de foot de tous les temps.<\/p>\n\n\n\n<p>En tant que nouvel utilisateur ou utilisatrice de WordPress, vous devriez vous rendre sur <a href=\"http:\/\/infosport-africa.com\/wp-admin\/\">votre tableau de bord<\/a> pour supprimer cette page et cr\u00e9er de nouvelles pages pour votre contenu. Amusez-vous bien&nbsp;!<\/p>\n","protected":false},"excerpt":{"rendered":"<p>L&#8217;avenir de Cristiano Ronaldo s&#8217;inscrit en pointill\u00e9s du c\u00f4t\u00e9 de la Juventus Turin. Depuis mardi, date de l&#8217;\u00e9limination de la&hellip;<\/p>\n","protected":false},"author":1,"featured_media":784,"parent":0,"menu_order":0,"comment_status":"closed","ping_status":"open","template":"","meta":[],"_links":{"self":[{"href":"https:\/\/infosport-africa.com\/index.php\/wp-json\/wp\/v2\/pages\/2"}],"collection":[{"href":"https:\/\/infosport-africa.com\/index.php\/wp-json\/wp\/v2\/pages"}],"about":[{"href":"https:\/\/infosport-africa.com\/index.php\/wp-json\/wp\/v2\/types\/page"}],"author":[{"embeddable":true,"href":"https:\/\/infosport-africa.com\/index.php\/wp-json\/wp\/v2\/users\/1"}],"replies":[{"embeddable":true,"href":"https:\/\/infosport-africa.com\/index.php\/wp-json\/wp\/v2\/comments?post=2"}],"version-history":[{"count":2,"href":"https:\/\/infosport-africa.com\/index.php\/wp-json\/wp\/v2\/pages\/2\/revisions"}],"predecessor-version":[{"id":783,"href":"https:\/\/infosport-africa.com\/index.php\/wp-json\/wp\/v2\/pages\/2\/revisions\/783"}],"wp:featuredmedia":[{"embeddable":true,"href":"https:\/\/infosport-africa.com\/index.php\/wp-json\/wp\/v2\/media\/784"}],"wp:attachment":[{"href":"https:\/\/infosport-africa.com\/index.php\/wp-json\/wp\/v2\/media?parent=2"}],"curies":[{"name":"wp","href":"https:\/\/api.w.org\/{rel}","templated":true}]}}